{"id":589,"date":"2015-07-14T14:50:38","date_gmt":"2015-07-14T14:50:38","guid":{"rendered":"http:\/\/test.kriesi.at\/minimal-portfolio\/?page_id=12"},"modified":"2025-01-23T22:26:56","modified_gmt":"2025-01-23T22:26:56","slug":"news","status":"publish","type":"page","link":"https:\/\/www.apartamentosalmeria.com\/index.php\/news\/","title":{"rendered":"News"},"content":{"rendered":"\n<style type=\"text\/css\" data-created_by=\"avia_inline_auto\" id=\"style-css-av-1eon6l-ed55b476063e960b98ba1b2e948bce13\">\n.avia-section.av-1eon6l-ed55b476063e960b98ba1b2e948bce13{\nbackground-repeat:no-repeat;\nbackground-image:url(https:\/\/www.apartamentosalmeria.com\/wp-content\/uploads\/2025\/01\/fondo_noticias-1500x630.jpg);\nbackground-position:50% 100%;\nbackground-attachment:scroll;\n}\n<\/style>\n<div id='av_section_1'  class='avia-section av-1eon6l-ed55b476063e960b98ba1b2e948bce13 main_color avia-section-default avia-no-shadow  avia-builder-el-0  el_before_av_section  avia-builder-el-first  avia-full-stretch avia-bg-style-scroll av-minimum-height av-minimum-height-custom av-height-custom  container_wrap fullsize'  data-section-bg-repeat='stretch' data-av_minimum_height_px='250'><div class='container av-section-cont-open' style='height:250px'><main  role=\"main\" itemprop=\"mainContentOfPage\"  class='template-page content  av-content-full alpha units'><div class='post-entry post-entry-type-page post-entry-589'><div class='entry-content-wrapper clearfix'>\n<\/div><\/div><\/main><!-- close content main element --><\/div><\/div>\n<style type=\"text\/css\" data-created_by=\"avia_inline_auto\" id=\"style-css-av-19n58d-b9529006ef7ef9caaa39b8a331c0be94\">\n.avia-section.av-19n58d-b9529006ef7ef9caaa39b8a331c0be94{\nbackground-repeat:no-repeat;\nbackground-image:url(https:\/\/www.apartamentosalmeria.com\/wp-content\/uploads\/2015\/07\/ornament-bg-top-small-1.png);\nbackground-position:50% 0%;\nbackground-attachment:scroll;\n}\n.avia-section.av-19n58d-b9529006ef7ef9caaa39b8a331c0be94 .av-extra-border-element .av-extra-border-inner{\nbackground-color:#f8f8f8;\n}\n<\/style>\n<div id='av_section_2'  class='avia-section av-19n58d-b9529006ef7ef9caaa39b8a331c0be94 main_color avia-section-huge avia-no-border-styling  avia-builder-el-1  el_after_av_section  avia-builder-el-last  avia-full-contain avia-bg-style-scroll av-arrow-down-section container_wrap fullsize'  data-section-bg-repeat='contain'><div class='container av-section-cont-open' ><div class='template-page content  av-content-full alpha units'><div class='post-entry post-entry-type-page post-entry-589'><div class='entry-content-wrapper clearfix'>\n\n<style type=\"text\/css\" data-created_by=\"avia_inline_auto\" id=\"style-css-av-14uuat-0d07e8bdd1a114f2849cb48502962de9\">\n#top .flex_column.av-14uuat-0d07e8bdd1a114f2849cb48502962de9{\nmargin-top:-200px;\nmargin-bottom:0px;\n}\n.flex_column.av-14uuat-0d07e8bdd1a114f2849cb48502962de9{\nborder-radius:0px 0px 0px 0px;\npadding:30px 30px 30px 30px;\nbackground-color:#ffffff;\n}\n.responsive #top #wrap_all .flex_column.av-14uuat-0d07e8bdd1a114f2849cb48502962de9{\nmargin-top:-200px;\nmargin-bottom:0px;\n}\n<\/style>\n<div  class='flex_column av-14uuat-0d07e8bdd1a114f2849cb48502962de9 av_one_full  avia-builder-el-2  el_before_av_hr  avia-builder-el-first  first flex_column_div  '     ><style type=\"text\/css\" data-created_by=\"avia_inline_auto\" id=\"style-css-av-38f1h-044da1c8bea88372604f3bc0ae0929c2\">\n#top .av-special-heading.av-38f1h-044da1c8bea88372604f3bc0ae0929c2{\npadding-bottom:20px;\nfont-size:40px;\n}\nbody .av-special-heading.av-38f1h-044da1c8bea88372604f3bc0ae0929c2 .av-special-heading-tag .heading-char{\nfont-size:25px;\n}\n#top #wrap_all .av-special-heading.av-38f1h-044da1c8bea88372604f3bc0ae0929c2 .av-special-heading-tag{\nfont-size:40px;\n}\n.av-special-heading.av-38f1h-044da1c8bea88372604f3bc0ae0929c2 .av-subheading{\nfont-size:15px;\n}\n\n@media only screen and (min-width: 480px) and (max-width: 767px){ \n#top #wrap_all .av-special-heading.av-38f1h-044da1c8bea88372604f3bc0ae0929c2 .av-special-heading-tag{\nfont-size:0.8em;\n}\n}\n\n@media only screen and (max-width: 479px){ \n#top #wrap_all .av-special-heading.av-38f1h-044da1c8bea88372604f3bc0ae0929c2 .av-special-heading-tag{\nfont-size:0.8em;\n}\n}\n<\/style>\n<div  class='av-special-heading av-38f1h-044da1c8bea88372604f3bc0ae0929c2 av-special-heading-h1 blockquote modern-quote modern-centered  avia-builder-el-3  avia-builder-el-no-sibling  av-inherit-size'><h1 class='av-special-heading-tag '  itemprop=\"headline\"  >Noticias &#8211; Actualidad de Almer\u00eda Homes Suites<\/h1><div class=\"special-heading-border\"><div class=\"special-heading-inner-border\"><\/div><\/div><\/div><\/div>\n<style type=\"text\/css\" data-created_by=\"avia_inline_auto\" id=\"style-css-av-pfxg5-2b077099c2583d0954a004798dbf2518\">\n#top .hr.av-pfxg5-2b077099c2583d0954a004798dbf2518{\nmargin-top:0px;\nmargin-bottom:70px;\n}\n.hr.av-pfxg5-2b077099c2583d0954a004798dbf2518 .hr-inner{\nwidth:50px;\nborder-color:#f8f8f8;\nmax-width:45%;\n}\n.hr.av-pfxg5-2b077099c2583d0954a004798dbf2518 .av-seperator-icon{\ncolor:#e5c80c;\n}\n<\/style>\n<div  class='hr av-pfxg5-2b077099c2583d0954a004798dbf2518 hr-custom  avia-builder-el-4  el_after_av_one_full  el_before_av_textblock  hr-center hr-icon-yes'><span class='hr-inner inner-border-av-border-fat'><span class=\"hr-inner-style\"><\/span><\/span><span class='av-seperator-icon' aria-hidden='true' data-av_icon='\ue8ce' data-av_iconfont='entypo-fontello'><\/span><span class='hr-inner inner-border-av-border-fat'><span class=\"hr-inner-style\"><\/span><\/span><\/div>\n<section  class='av_textblock_section av-mlr7h-07aed55410882b88ced7effbd69a75b5 '   itemscope=\"itemscope\" itemtype=\"https:\/\/schema.org\/CreativeWork\" ><div class='avia_textblock'  itemprop=\"text\" ><p style=\"text-align: center;\">Consulta esta secci\u00f3n y te tendremos al d\u00eda de todas las novedades y mucho m\u00e1s.<\/p>\n<\/div><\/section>\n\n<style type=\"text\/css\" data-created_by=\"avia_inline_auto\" id=\"style-css-av-dhtnh-879560dd7972961ccbeaaf173b641a64\">\n.flex_column.av-dhtnh-879560dd7972961ccbeaaf173b641a64{\nborder-radius:0px 0px 0px 0px;\npadding:0px 0px 0px 0px;\n}\n<\/style>\n<div  class='flex_column av-dhtnh-879560dd7972961ccbeaaf173b641a64 av_one_full  avia-builder-el-6  el_after_av_textblock  avia-builder-el-last  first flex_column_div av-animated-generic bottom-to-top av-zero-column-padding  column-top-margin'     ><div id='av-masonry-1' class='av-masonry av-7ob7p-9c748b634a95d4423aeef377e8b9e9bb noHover av-fixed-size av-large-gap av-hover-overlay-active av-masonry-animation-active av-masonry-col-3 av-caption-always av-caption-style- av-masonry-entries ' data-post_id=\"589\"><div class=\"av-masonry-container isotope av-js-disabled\"><div class='av-masonry-entry isotope-item av-masonry-item-no-image '><\/div><a href=\"https:\/\/www.apartamentosalmeria.com\/index.php\/2025\/01\/23\/dia-de-los-enamorados\/\"  id='av-masonry-1-item-68' data-av-masonry-item='68' class='av-masonry-entry isotope-item post-68 post type-post status-publish format-standard has-post-thumbnail hentry category-eventos tag-vacaciones  av-masonry-item-with-image' title=\"two hearts drawn in the sand on the beach\"   itemscope=\"itemscope\" itemtype=\"https:\/\/schema.org\/CreativeWork\" ><div class='av-inner-masonry-sizer'><\/div><figure class='av-inner-masonry main_color'><div class=\"av-masonry-outerimage-container\"><div class='av-masonry-image-container' style=\"background-image: url(https:\/\/www.apartamentosalmeria.com\/wp-content\/uploads\/2014\/08\/corazones-705x470.jpg);\"  title=\"two hearts drawn in the sand on the beach\" ><\/div><\/div><figcaption class='av-inner-masonry-content site-background'><div class='av-inner-masonry-content-pos'><div class='av-inner-masonry-content-pos-content'><div class='avia-arrow'><\/div><h3 class='av-masonry-entry-title entry-title '  itemprop=\"headline\" >D\u00eda de los enamorados<\/h3><span class='av-masonry-date meta-color updated'>enero 23, 2025<\/span><span class=\"av-masonry-text-sep text-sep-author\">\/<\/span><span class='av-masonry-author meta-color author'><span class='fn'>por admin<\/span><\/span><\/div><\/div><\/figcaption><\/figure><\/a><!--end av-masonry entry--><a href=\"https:\/\/www.apartamentosalmeria.com\/index.php\/2025\/01\/23\/turismo-de-almeria\/\"  id='av-masonry-1-item-591' data-av-masonry-item='591' class='av-masonry-entry isotope-item post-591 post type-post status-publish format-link hentry category-links tag-turismo post_format-post-format-link  av-masonry-item-no-image' title=\"Turismo de Almer\u00eda\"   itemscope=\"itemscope\" itemtype=\"https:\/\/schema.org\/CreativeWork\" ><div class='av-inner-masonry-sizer'><\/div><figure class='av-inner-masonry main_color'><figcaption class='av-inner-masonry-content site-background'><div class='av-inner-masonry-content-pos'><div class='av-inner-masonry-content-pos-content'><div class='avia-arrow'><\/div><span class='av-icon-display ' aria-hidden='true' data-av_icon='\ue822' data-av_iconfont='entypo-fontello'><\/span><h3 class='av-masonry-entry-title entry-title '  itemprop=\"headline\" >Turismo de Almer\u00eda<\/h3><span class='av-masonry-date meta-color updated'>enero 23, 2025<\/span><span class=\"av-masonry-text-sep text-sep-author\">\/<\/span><span class='av-masonry-author meta-color author'><span class='fn'>por admin<\/span><\/span><\/div><\/div><\/figcaption><\/figure><\/a><!--end av-masonry entry--><\/div><\/div><\/div>","protected":false},"excerpt":{"rendered":"","protected":false},"author":1,"featured_media":0,"parent":0,"menu_order":0,"comment_status":"open","ping_status":"closed","template":"","meta":{"footnotes":""},"class_list":["post-589","page","type-page","status-publish","hentry"],"_links":{"self":[{"href":"https:\/\/www.apartamentosalmeria.com\/index.php\/wp-json\/wp\/v2\/pages\/589","targetHints":{"allow":["GET"]}}],"collection":[{"href":"https:\/\/www.apartamentosalmeria.com\/index.php\/wp-json\/wp\/v2\/pages"}],"about":[{"href":"https:\/\/www.apartamentosalmeria.com\/index.php\/wp-json\/wp\/v2\/types\/page"}],"author":[{"embeddable":true,"href":"https:\/\/www.apartamentosalmeria.com\/index.php\/wp-json\/wp\/v2\/users\/1"}],"replies":[{"embeddable":true,"href":"https:\/\/www.apartamentosalmeria.com\/index.php\/wp-json\/wp\/v2\/comments?post=589"}],"version-history":[{"count":2,"href":"https:\/\/www.apartamentosalmeria.com\/index.php\/wp-json\/wp\/v2\/pages\/589\/revisions"}],"predecessor-version":[{"id":807,"href":"https:\/\/www.apartamentosalmeria.com\/index.php\/wp-json\/wp\/v2\/pages\/589\/revisions\/807"}],"wp:attachment":[{"href":"https:\/\/www.apartamentosalmeria.com\/index.php\/wp-json\/wp\/v2\/media?parent=589"}],"curies":[{"name":"wp","href":"https:\/\/api.w.org\/{rel}","templated":true}]}}